{"id":2607,"date":"2020-03-22T22:06:20","date_gmt":"2020-03-22T21:06:20","guid":{"rendered":"https:\/\/www.podologie-raeke.at\/shop\/?post_type=product&#038;p=2607"},"modified":"2023-04-25T17:58:49","modified_gmt":"2023-04-25T15:58:49","slug":"cloudflash-m","status":"publish","type":"product","link":"https:\/\/www.podologie-raeke.at\/shop\/produkt\/cloudflash-m\/","title":{"rendered":"On Cloudflash &#8211; MEN"},"content":{"rendered":"<p>Der schnellste On aller Zeiten, f\u00fcr die entscheidenden Momente in einem L\u00e4uferleben. Pure Geschwindigkeit. Preisgekr\u00f6nte Innovation.<\/p>","protected":false},"excerpt":{"rendered":"<p>Der schnellste On aller Zeiten, f\u00fcr die entscheidenden Momente in einem L\u00e4uferleben. Pure Geschwindigkeit. Preisgekr\u00f6nte Innovation.<\/p>\n","protected":false},"featured_media":5121,"comment_status":"open","ping_status":"closed","template":"","meta":[],"product_cat":[363,252],"product_tag":[366,336,332],"_links":{"self":[{"href":"https:\/\/www.podologie-raeke.at\/shop\/wp-json\/wp\/v2\/product\/2607"}],"collection":[{"href":"https:\/\/www.podologie-raeke.at\/shop\/wp-json\/wp\/v2\/product"}],"about":[{"href":"https:\/\/www.podologie-raeke.at\/shop\/wp-json\/wp\/v2\/types\/product"}],"replies":[{"embeddable":true,"href":"https:\/\/www.podologie-raeke.at\/shop\/wp-json\/wp\/v2\/comments?post=2607"}],"wp:featuredmedia":[{"embeddable":true,"href":"https:\/\/www.podologie-raeke.at\/shop\/wp-json\/wp\/v2\/media\/5121"}],"wp:attachment":[{"href":"https:\/\/www.podologie-raeke.at\/shop\/wp-json\/wp\/v2\/media?parent=2607"}],"wp:term":[{"taxonomy":"product_cat","embeddable":true,"href":"https:\/\/www.podologie-raeke.at\/shop\/wp-json\/wp\/v2\/product_cat?post=2607"},{"taxonomy":"product_tag","embeddable":true,"href":"https:\/\/www.podologie-raeke.at\/shop\/wp-json\/wp\/v2\/product_tag?post=2607"}],"curies":[{"name":"wp","href":"https:\/\/api.w.org\/{rel}","templated":true}]}}