{"id":2491,"date":"2020-03-22T14:20:44","date_gmt":"2020-03-22T13:20:44","guid":{"rendered":"https:\/\/www.podologie-raeke.at\/shop\/?post_type=product&#038;p=2491"},"modified":"2021-06-14T11:59:06","modified_gmt":"2021-06-14T09:59:06","slug":"vivobarefoot-scott-men","status":"publish","type":"product","link":"https:\/\/www.podologie-raeke.at\/shop\/produkt\/vivobarefoot-scott-men\/","title":{"rendered":"Vivobarefoot SCOTT &#8211; MEN"},"content":{"rendered":"<p>Der Scottwurde mit Fokus auf Langlebigkeit entwickelt. Der vegane Boot besteht aus Cordura &#8211; extrem robust und angenehm leicht. Das Futter aus recyceltem PET h\u00e4lt die F\u00fc\u00dfe an k\u00fchlen Tagen sch\u00f6n warm. Perfekt f\u00fcr Touren in der freien Natur genauso wie f\u00fcr den Winter in der Stadt.<\/p>\n<p>Sicher unterwegs: Die flexible Multi-Au\u00dfensohle gibt dir Halt auch auf rutschigen Untergr\u00fcnden. Mit den reflektierenden Elementen bist du auch im Dunkeln gut sichtbar, wohin deine F\u00fc\u00dfe dich auch tragen. Zus\u00e4tzlich macht die herausnehmbare Thermo-Einlegesohle den Schuh winterfest.<\/p>","protected":false},"excerpt":{"rendered":"<p>Der Scottwurde mit Fokus auf Langlebigkeit entwickelt. Der vegane Boot besteht aus Cordura &#8211; extrem robust und angenehm leicht. Das Futter aus recyceltem PET h\u00e4lt die F\u00fc\u00dfe an k\u00fchlen Tagen sch\u00f6n warm. Perfekt f\u00fcr Touren in der freien Natur genauso wie f\u00fcr den Winter in der Stadt.<\/p>\n<p>Sicher unterwegs: Die flexible Multi-Au\u00dfensohle gibt dir Halt auch auf rutschigen Untergr\u00fcnden. Mit den reflektierenden Elementen bist du auch im Dunkeln gut sichtbar, wohin deine F\u00fc\u00dfe dich auch tragen. Zus\u00e4tzlich macht die herausnehmbare Thermo-Einlegesohle den Schuh winterfest.<\/p>\n","protected":false},"featured_media":2498,"comment_status":"open","ping_status":"closed","template":"","meta":[],"product_cat":[351,324,337],"product_tag":[359,79,340,360],"_links":{"self":[{"href":"https:\/\/www.podologie-raeke.at\/shop\/wp-json\/wp\/v2\/product\/2491"}],"collection":[{"href":"https:\/\/www.podologie-raeke.at\/shop\/wp-json\/wp\/v2\/product"}],"about":[{"href":"https:\/\/www.podologie-raeke.at\/shop\/wp-json\/wp\/v2\/types\/product"}],"replies":[{"embeddable":true,"href":"https:\/\/www.podologie-raeke.at\/shop\/wp-json\/wp\/v2\/comments?post=2491"}],"wp:featuredmedia":[{"embeddable":true,"href":"https:\/\/www.podologie-raeke.at\/shop\/wp-json\/wp\/v2\/media\/2498"}],"wp:attachment":[{"href":"https:\/\/www.podologie-raeke.at\/shop\/wp-json\/wp\/v2\/media?parent=2491"}],"wp:term":[{"taxonomy":"product_cat","embeddable":true,"href":"https:\/\/www.podologie-raeke.at\/shop\/wp-json\/wp\/v2\/product_cat?post=2491"},{"taxonomy":"product_tag","embeddable":true,"href":"https:\/\/www.podologie-raeke.at\/shop\/wp-json\/wp\/v2\/product_tag?post=2491"}],"curies":[{"name":"wp","href":"https:\/\/api.w.org\/{rel}","templated":true}]}}