{"id":2487,"date":"2020-03-22T13:58:06","date_gmt":"2020-03-22T12:58:06","guid":{"rendered":"https:\/\/www.podologie-raeke.at\/shop\/?post_type=product&#038;p=2487"},"modified":"2021-09-14T17:41:25","modified_gmt":"2021-09-14T15:41:25","slug":"wing-l","status":"publish","type":"product","link":"https:\/\/www.podologie-raeke.at\/shop\/produkt\/wing-l\/","title":{"rendered":"Vivobarefoot WING &#8211; LADIES"},"content":{"rendered":"<p>Der Wing ist ein minimalistischer Studio- oder Freizeitschuh in modischem Design. Sein Obermaterial besteht aus Mesh, hinten an der Ferse befindet sich ein weiches Neoprenobermaterial, dass sich sanft an die Ferse anschmiegt.<\/p>\n<p>Die fl\u00fcgelartige Verst\u00e4rkung aus PU sorgt zus\u00e4tzlich f\u00fcr festen Halt. Wing kann als sportlich-schicker Freizeitschuh vielseitig kombiniert werden. Ebenso kann er als Yoga- oder Pilates-Schuh eingesetzt werden &#8211; maximales Barfu\u00dfgef\u00fchl garantiert.<\/p>","protected":false},"excerpt":{"rendered":"<p>Der Wing ist ein minimalistischer Studio- oder Freizeitschuh in modischem Design. Sein Obermaterial besteht aus Mesh, hinten an der Ferse befindet sich ein weiches Neoprenobermaterial, dass sich sanft an die Ferse anschmiegt.<\/p>\n<p>Die fl\u00fcgelartige Verst\u00e4rkung aus PU sorgt zus\u00e4tzlich f\u00fcr festen Halt. Wing kann als sportlich-schicker Freizeitschuh vielseitig kombiniert werden. Ebenso kann er als Yoga- oder Pilates-Schuh eingesetzt werden &#8211; maximales Barfu\u00dfgef\u00fchl garantiert.<\/p>\n","protected":false},"featured_media":2490,"comment_status":"open","ping_status":"closed","template":"","meta":[],"product_cat":[350,324,337],"product_tag":[358,357,340,356],"_links":{"self":[{"href":"https:\/\/www.podologie-raeke.at\/shop\/wp-json\/wp\/v2\/product\/2487"}],"collection":[{"href":"https:\/\/www.podologie-raeke.at\/shop\/wp-json\/wp\/v2\/product"}],"about":[{"href":"https:\/\/www.podologie-raeke.at\/shop\/wp-json\/wp\/v2\/types\/product"}],"replies":[{"embeddable":true,"href":"https:\/\/www.podologie-raeke.at\/shop\/wp-json\/wp\/v2\/comments?post=2487"}],"wp:featuredmedia":[{"embeddable":true,"href":"https:\/\/www.podologie-raeke.at\/shop\/wp-json\/wp\/v2\/media\/2490"}],"wp:attachment":[{"href":"https:\/\/www.podologie-raeke.at\/shop\/wp-json\/wp\/v2\/media?parent=2487"}],"wp:term":[{"taxonomy":"product_cat","embeddable":true,"href":"https:\/\/www.podologie-raeke.at\/shop\/wp-json\/wp\/v2\/product_cat?post=2487"},{"taxonomy":"product_tag","embeddable":true,"href":"https:\/\/www.podologie-raeke.at\/shop\/wp-json\/wp\/v2\/product_tag?post=2487"}],"curies":[{"name":"wp","href":"https:\/\/api.w.org\/{rel}","templated":true}]}}