{"id":2478,"date":"2020-03-22T13:39:46","date_gmt":"2020-03-22T12:39:46","guid":{"rendered":"https:\/\/www.podologie-raeke.at\/shop\/?post_type=product&#038;p=2478"},"modified":"2021-10-01T10:29:09","modified_gmt":"2021-10-01T08:29:09","slug":"vivobarefoot-jing-jing-ballerina-ladies","status":"publish","type":"product","link":"https:\/\/www.podologie-raeke.at\/shop\/produkt\/vivobarefoot-jing-jing-ballerina-ladies\/","title":{"rendered":"Vivobarefoot JING JING Ballerina &#8211; LADIES"},"content":{"rendered":"<p>Der beliebte Ballerina schenkt dir Barfu\u00dfgef\u00fchl in jeder Situation. Mit seiner minimalen Konstruktion ist er ultraleicht und so flexibel, dass du ihn kaum an den F\u00fc\u00dfen sp\u00fcrst. Der schlichte Ballerina passt zum B\u00fcro-Outfit genauso gut wie zum Freizeitlook oder zu festlicher Kleidung.<\/p>\n<p>Der Jing Jing ist zudem zu 100% vegan. Die nur 3 mm d\u00fcnne, abriebfeste Casual-Sohle ist extrem flexibel und gleichzeitig durchstichfest. So sp\u00fcren deine F\u00fc\u00dfe den Boden und sind gleichzeitig bestens gesch\u00fctzt.<\/p>","protected":false},"excerpt":{"rendered":"<p>Der beliebte Ballerina schenkt dir Barfu\u00dfgef\u00fchl in jeder Situation. Mit seiner minimalen Konstruktion ist er ultraleicht und so flexibel, dass du ihn kaum an den F\u00fc\u00dfen sp\u00fcrst. Der schlichte Ballerina passt zum B\u00fcro-Outfit genauso gut wie zum Freizeitlook oder zu festlicher Kleidung.<\/p>\n","protected":false},"featured_media":2479,"comment_status":"open","ping_status":"closed","template":"","meta":[],"product_cat":[350,324,337],"product_tag":[353,451,340],"_links":{"self":[{"href":"https:\/\/www.podologie-raeke.at\/shop\/wp-json\/wp\/v2\/product\/2478"}],"collection":[{"href":"https:\/\/www.podologie-raeke.at\/shop\/wp-json\/wp\/v2\/product"}],"about":[{"href":"https:\/\/www.podologie-raeke.at\/shop\/wp-json\/wp\/v2\/types\/product"}],"replies":[{"embeddable":true,"href":"https:\/\/www.podologie-raeke.at\/shop\/wp-json\/wp\/v2\/comments?post=2478"}],"wp:featuredmedia":[{"embeddable":true,"href":"https:\/\/www.podologie-raeke.at\/shop\/wp-json\/wp\/v2\/media\/2479"}],"wp:attachment":[{"href":"https:\/\/www.podologie-raeke.at\/shop\/wp-json\/wp\/v2\/media?parent=2478"}],"wp:term":[{"taxonomy":"product_cat","embeddable":true,"href":"https:\/\/www.podologie-raeke.at\/shop\/wp-json\/wp\/v2\/product_cat?post=2478"},{"taxonomy":"product_tag","embeddable":true,"href":"https:\/\/www.podologie-raeke.at\/shop\/wp-json\/wp\/v2\/product_tag?post=2478"}],"curies":[{"name":"wp","href":"https:\/\/api.w.org\/{rel}","templated":true}]}}