{"id":2472,"date":"2020-03-22T13:36:26","date_gmt":"2020-03-22T12:36:26","guid":{"rendered":"https:\/\/www.podologie-raeke.at\/shop\/?post_type=product&#038;p=2472"},"modified":"2021-08-18T10:30:01","modified_gmt":"2021-08-18T08:30:01","slug":"vivobarefoot-eclipse-zehensandale","status":"publish","type":"product","link":"https:\/\/www.podologie-raeke.at\/shop\/produkt\/vivobarefoot-eclipse-zehensandale\/","title":{"rendered":"Vivobarefoot ECLIPSE &#8211; Zehensandale"},"content":{"rendered":"<p>Dem echten Barfu\u00dfgef\u00fchl am n\u00e4chsten kommen? Mit Eclipse, kein Problem! Diese Sandale macht es m\u00f6glich den Boden ganz nah zu sp\u00fcren.<\/p>\n<p>Die durchstichfeste und sehr flexible Sohle bewirkt vollkommenen Schutz f\u00fcr Zehen und F\u00fc\u00dfe.<\/p>\n<p>Das dezente, aber dennoch moderne Design macht Eclipse au\u00dferdem zu einem zeitgerechten Alltagsschuh.<\/p>\n<p>Nicht umsonst ist Eclipse unsere fortschrittlichste Laufsandale: Durch verstellbare Riemen kann man den Schuh perfekt an Zehen und F\u00fc\u00dfe anpassen. Die Sandale ist zudem mit einer flexiblen, 5mm d\u00fcnnen Barfu\u00dfsohle ausgestattet.<\/p>","protected":false},"excerpt":{"rendered":"<p>Dem echten Barfu\u00dfgef\u00fchl am n\u00e4chsten kommen? Mit Eclipse, kein Problem! Diese Sandale macht es m\u00f6glich den Boden ganz nah zu sp\u00fcren.<\/p>\n<p>Die durchstichfeste und sehr flexible Sohle bewirkt vollkommenen Schutz f\u00fcr Zehen und F\u00fc\u00dfe.<\/p>\n","protected":false},"featured_media":2473,"comment_status":"open","ping_status":"closed","template":"","meta":[],"product_cat":[350,351,324,337],"product_tag":[],"_links":{"self":[{"href":"https:\/\/www.podologie-raeke.at\/shop\/wp-json\/wp\/v2\/product\/2472"}],"collection":[{"href":"https:\/\/www.podologie-raeke.at\/shop\/wp-json\/wp\/v2\/product"}],"about":[{"href":"https:\/\/www.podologie-raeke.at\/shop\/wp-json\/wp\/v2\/types\/product"}],"replies":[{"embeddable":true,"href":"https:\/\/www.podologie-raeke.at\/shop\/wp-json\/wp\/v2\/comments?post=2472"}],"wp:featuredmedia":[{"embeddable":true,"href":"https:\/\/www.podologie-raeke.at\/shop\/wp-json\/wp\/v2\/media\/2473"}],"wp:attachment":[{"href":"https:\/\/www.podologie-raeke.at\/shop\/wp-json\/wp\/v2\/media?parent=2472"}],"wp:term":[{"taxonomy":"product_cat","embeddable":true,"href":"https:\/\/www.podologie-raeke.at\/shop\/wp-json\/wp\/v2\/product_cat?post=2472"},{"taxonomy":"product_tag","embeddable":true,"href":"https:\/\/www.podologie-raeke.at\/shop\/wp-json\/wp\/v2\/product_tag?post=2472"}],"curies":[{"name":"wp","href":"https:\/\/api.w.org\/{rel}","templated":true}]}}