{"id":2434,"date":"2020-03-22T12:56:37","date_gmt":"2020-03-22T11:56:37","guid":{"rendered":"https:\/\/www.podologie-raeke.at\/shop\/?post_type=product&#038;p=2434"},"modified":"2021-03-12T16:01:12","modified_gmt":"2021-03-12T15:01:12","slug":"vivobarefoot-stealth-men","status":"publish","type":"product","link":"https:\/\/www.podologie-raeke.at\/shop\/produkt\/vivobarefoot-stealth-men\/","title":{"rendered":"Vivobarefoot STEALTH &#8211; MEN"},"content":{"rendered":"<p>Schutz, Performance und Kontrolle. Mit der 3mm durchsto\u00dffesten, flexiblen und rutschfesten Sohle bietet der Stealth perfektes Barfu\u00dfgef\u00fchl in jeder Situation. Das robuste, atmungsaktive Obermaterial aus leichtgewichtigem Hex-Mesh Laminat verbindet den Schuh nahtlos mit deinem Fu\u00df.<\/p>\n<p>Das Obermaterial besteht aus einem Temperatur regulierenden Textil, das mehr Komfort durch proaktives W\u00e4rmemanagement bietet. Zusammen mit der innovativen V-Mesh &#8220;Sandwich&#8221; Konstruktion bietet dieser Schuh ein komfortables Tragegef\u00fchl und gibt W\u00e4rme nach au\u00dfen ab oder w\u00e4rmt \u2013 je nach K\u00f6rpertemperatur.<\/p>","protected":false},"excerpt":{"rendered":"<p>Schutz, Performance und Kontrolle.<\/p>\n<p>Mit der 3mm durchsto\u00dffesten, flexiblen und rutschfesten Sohle bietet der Stealth perfektes Barfu\u00dfgef\u00fchl in jeder Situation.<\/p>\n","protected":false},"featured_media":2262,"comment_status":"open","ping_status":"closed","template":"","meta":[],"product_cat":[351,324,337],"product_tag":[79,340],"_links":{"self":[{"href":"https:\/\/www.podologie-raeke.at\/shop\/wp-json\/wp\/v2\/product\/2434"}],"collection":[{"href":"https:\/\/www.podologie-raeke.at\/shop\/wp-json\/wp\/v2\/product"}],"about":[{"href":"https:\/\/www.podologie-raeke.at\/shop\/wp-json\/wp\/v2\/types\/product"}],"replies":[{"embeddable":true,"href":"https:\/\/www.podologie-raeke.at\/shop\/wp-json\/wp\/v2\/comments?post=2434"}],"wp:featuredmedia":[{"embeddable":true,"href":"https:\/\/www.podologie-raeke.at\/shop\/wp-json\/wp\/v2\/media\/2262"}],"wp:attachment":[{"href":"https:\/\/www.podologie-raeke.at\/shop\/wp-json\/wp\/v2\/media?parent=2434"}],"wp:term":[{"taxonomy":"product_cat","embeddable":true,"href":"https:\/\/www.podologie-raeke.at\/shop\/wp-json\/wp\/v2\/product_cat?post=2434"},{"taxonomy":"product_tag","embeddable":true,"href":"https:\/\/www.podologie-raeke.at\/shop\/wp-json\/wp\/v2\/product_tag?post=2434"}],"curies":[{"name":"wp","href":"https:\/\/api.w.org\/{rel}","templated":true}]}}