{"id":2399,"date":"2020-03-22T12:26:29","date_gmt":"2020-03-22T11:26:29","guid":{"rendered":"https:\/\/www.podologie-raeke.at\/shop\/?post_type=product&#038;p=2399"},"modified":"2025-07-15T17:50:10","modified_gmt":"2025-07-15T15:50:10","slug":"vivobarefoot-primus-lite-men","status":"publish","type":"product","link":"https:\/\/www.podologie-raeke.at\/shop\/produkt\/vivobarefoot-primus-lite-men\/","title":{"rendered":"Vivobarefoot PRIMUS LITE &#8211; MEN"},"content":{"rendered":"<p>Das leichteste Laufschuhmodell das Vivobarefoot je entwickelt hat.<\/p>\n<p>Der Primus LITE besticht durch sein d\u00fcnnes, atmungsaktives Mesh Obermaterial und der 3mm On-Road Sohle. Das sehr leicht biegbare Obermaterial erlaubt dem Schuh jede Bewegung der F\u00fc\u00dfe zu \u00fcbernehmen. Somit gibt der Evo Pure Nachfolger ein Gef\u00fchl das so nah am echten Barfu\u00dflaufen ist, wie es noch keiner der Vivobarefoot Schuhe vermitteln konnte.<\/p>\n<p>Der Primus LITE l\u00e4sst dich die Stra\u00dfe sp\u00fcren und deine Lauftechnik verbessern.<\/p>","protected":false},"excerpt":{"rendered":"<p>Das leichteste Laufschuhmodell das Vivobarefoot je entwickelt hat.<\/p>\n<p>Der Primus LITE l\u00e4sst dich die Stra\u00dfe sp\u00fcren und deine Lauftechnik verbessern.<\/p>\n","protected":false},"featured_media":4308,"comment_status":"open","ping_status":"closed","template":"","meta":[],"product_cat":[351,324,337],"product_tag":[452,79,340],"_links":{"self":[{"href":"https:\/\/www.podologie-raeke.at\/shop\/wp-json\/wp\/v2\/product\/2399"}],"collection":[{"href":"https:\/\/www.podologie-raeke.at\/shop\/wp-json\/wp\/v2\/product"}],"about":[{"href":"https:\/\/www.podologie-raeke.at\/shop\/wp-json\/wp\/v2\/types\/product"}],"replies":[{"embeddable":true,"href":"https:\/\/www.podologie-raeke.at\/shop\/wp-json\/wp\/v2\/comments?post=2399"}],"wp:featuredmedia":[{"embeddable":true,"href":"https:\/\/www.podologie-raeke.at\/shop\/wp-json\/wp\/v2\/media\/4308"}],"wp:attachment":[{"href":"https:\/\/www.podologie-raeke.at\/shop\/wp-json\/wp\/v2\/media?parent=2399"}],"wp:term":[{"taxonomy":"product_cat","embeddable":true,"href":"https:\/\/www.podologie-raeke.at\/shop\/wp-json\/wp\/v2\/product_cat?post=2399"},{"taxonomy":"product_tag","embeddable":true,"href":"https:\/\/www.podologie-raeke.at\/shop\/wp-json\/wp\/v2\/product_tag?post=2399"}],"curies":[{"name":"wp","href":"https:\/\/api.w.org\/{rel}","templated":true}]}}