{"id":2366,"date":"2020-03-22T11:43:49","date_gmt":"2020-03-22T10:43:49","guid":{"rendered":"https:\/\/www.podologie-raeke.at\/shop\/?post_type=product&#038;p=2366"},"modified":"2023-05-09T15:17:09","modified_gmt":"2023-05-09T13:17:09","slug":"vivobarefoot-primus-lite-ii-bio-ladies","status":"publish","type":"product","link":"https:\/\/www.podologie-raeke.at\/shop\/produkt\/vivobarefoot-primus-lite-ii-bio-ladies\/","title":{"rendered":"Vivobarefoot PRIMUS LITE II BIO &#8211; LADIES"},"content":{"rendered":"<p>Der neue PRIMUS LITE II BIO ist der erste Performance, Minimal-Barfu\u00dfschuh der aus einem Obermaterial auf Pflanzen-Basis besteht. Dadurch helfen wir unserem Planeten und deine F\u00fc\u00dfe haben den bestm\u00f6glichen Kontakt zum Boden.<\/p>\n<p>Beim Primus LITE II BIO verwenden wir ein Nebenprodukt der kommerziellen Mais Produktion, Susterra\u00ae Propanediol; Petroleum Frei und nicht toxisch. Dieses Material, entwickelt von DuPont Tate &amp; Lyle Bio Products, erlaubt es uns den bisher leichtesten und Umweltfreundlichsten High Performance Minimalschuh in unserem Sortiment zu entwickeln. Zusammen mit Sorona\u00ae einem Mesh, das auf Pflanzen basierten Fasern gewoben ist, glauben wir das der PRIMUS LITE II BIO der Sport-Schuh mit am wenigsten auf Petroleum basierten Materialien am Markt ist.<\/p>\n<p>Achtung: Der Schuh f\u00e4llt eine Nummer gr\u00f6\u00dfer aus, daher bitte eine Nummer kleiner bestellen!<\/p>","protected":false},"excerpt":{"rendered":"<p>VIVOBAREFOOT PRIMUS LITE II BIO MENS Black Gum<\/p>\n<p><strong>Achtung:<\/strong> Der Schuh f\u00e4llt eine Nummer gr\u00f6\u00dfer aus, daher bitte eine Nummer kleiner bestellen!<\/p>\n","protected":false},"featured_media":2380,"comment_status":"open","ping_status":"closed","template":"","meta":[],"product_cat":[337],"product_tag":[79,340],"_links":{"self":[{"href":"https:\/\/www.podologie-raeke.at\/shop\/wp-json\/wp\/v2\/product\/2366"}],"collection":[{"href":"https:\/\/www.podologie-raeke.at\/shop\/wp-json\/wp\/v2\/product"}],"about":[{"href":"https:\/\/www.podologie-raeke.at\/shop\/wp-json\/wp\/v2\/types\/product"}],"replies":[{"embeddable":true,"href":"https:\/\/www.podologie-raeke.at\/shop\/wp-json\/wp\/v2\/comments?post=2366"}],"wp:featuredmedia":[{"embeddable":true,"href":"https:\/\/www.podologie-raeke.at\/shop\/wp-json\/wp\/v2\/media\/2380"}],"wp:attachment":[{"href":"https:\/\/www.podologie-raeke.at\/shop\/wp-json\/wp\/v2\/media?parent=2366"}],"wp:term":[{"taxonomy":"product_cat","embeddable":true,"href":"https:\/\/www.podologie-raeke.at\/shop\/wp-json\/wp\/v2\/product_cat?post=2366"},{"taxonomy":"product_tag","embeddable":true,"href":"https:\/\/www.podologie-raeke.at\/shop\/wp-json\/wp\/v2\/product_tag?post=2366"}],"curies":[{"name":"wp","href":"https:\/\/api.w.org\/{rel}","templated":true}]}}