{"id":2319,"date":"2019-07-15T17:31:05","date_gmt":"2019-07-15T15:31:05","guid":{"rendered":"https:\/\/www.podologie-raeke.at\/shop\/?post_type=product&#038;p=2319"},"modified":"2021-03-15T12:24:38","modified_gmt":"2021-03-15T11:24:38","slug":"gobi-2-m","status":"publish","type":"product","link":"https:\/\/www.podologie-raeke.at\/shop\/produkt\/gobi-2-m\/","title":{"rendered":"Vivobarefoot GOBI II &#8211; MEN"},"content":{"rendered":"<p>Mit einem weichen Pittards-Leder Obermaterial, das aus frei lebenden Rindern in \u00c4thiopien hergestellt wurde, bietet der Gobi den perfekten Look f\u00fcr das B\u00fcro und allen Freizeitaktivit\u00e4ten.<\/p>\n<p>Vom Montags-Meeting bis zum Sonntags Stammtisch im Pub, mit dem GOBI II leather kann jeder Tag wie Barfu\u00df erlebt werden \u2013 so wie es die Natur vorgesehen hat.<\/p>","protected":false},"excerpt":{"rendered":"<p>Vom Montags-Meeting bis zum Sonntags Stammtisch im Pub, mit dem GOBI II leather kann jeder Tag wie Barfu\u00df erlebt werden \u2013 so wie es die Natur vorgesehen hat.<\/p>\n","protected":false},"featured_media":2264,"comment_status":"open","ping_status":"closed","template":"","meta":[],"product_cat":[351,324,337],"product_tag":[340],"_links":{"self":[{"href":"https:\/\/www.podologie-raeke.at\/shop\/wp-json\/wp\/v2\/product\/2319"}],"collection":[{"href":"https:\/\/www.podologie-raeke.at\/shop\/wp-json\/wp\/v2\/product"}],"about":[{"href":"https:\/\/www.podologie-raeke.at\/shop\/wp-json\/wp\/v2\/types\/product"}],"replies":[{"embeddable":true,"href":"https:\/\/www.podologie-raeke.at\/shop\/wp-json\/wp\/v2\/comments?post=2319"}],"wp:featuredmedia":[{"embeddable":true,"href":"https:\/\/www.podologie-raeke.at\/shop\/wp-json\/wp\/v2\/media\/2264"}],"wp:attachment":[{"href":"https:\/\/www.podologie-raeke.at\/shop\/wp-json\/wp\/v2\/media?parent=2319"}],"wp:term":[{"taxonomy":"product_cat","embeddable":true,"href":"https:\/\/www.podologie-raeke.at\/shop\/wp-json\/wp\/v2\/product_cat?post=2319"},{"taxonomy":"product_tag","embeddable":true,"href":"https:\/\/www.podologie-raeke.at\/shop\/wp-json\/wp\/v2\/product_tag?post=2319"}],"curies":[{"name":"wp","href":"https:\/\/api.w.org\/{rel}","templated":true}]}}