{"id":2295,"date":"2019-07-15T16:53:00","date_gmt":"2019-07-15T14:53:00","guid":{"rendered":"https:\/\/www.podologie-raeke.at\/shop\/?post_type=product&#038;p=2295"},"modified":"2022-10-24T09:39:16","modified_gmt":"2022-10-24T07:39:16","slug":"vivobarefoot-ra","status":"publish","type":"product","link":"https:\/\/www.podologie-raeke.at\/shop\/produkt\/vivobarefoot-ra\/","title":{"rendered":"Vivobarefoot RA II &#8211; MEN"},"content":{"rendered":"<p>Dieser Oxford Schn\u00fcrschuh l\u00e4sst Ihren F\u00fc\u00dfen die n\u00f6tige Freiheit um sich nat\u00fcrlich zu bewegen.<\/p>\n<p>Mit einem weichen Leder Obermaterial, dass aus frei lebenden Rindern in \u00c4thiopien hergestellt wurde bietet der Ra den perfekten Look f\u00fcr das B\u00fcro und allen Freizeit Aktivit\u00e4ten. Die ultra-d\u00fcnne Sohle bietet Flexibilit\u00e4t f\u00fcr das nat\u00fcrliche Barfu\u00dfgef\u00fchl vom Montags-Meeting bis zum Sonntags Stammtisch im Pub.<\/p>","protected":false},"excerpt":{"rendered":"<p>Dieser Oxford Schn\u00fcrschuh l\u00e4sst Ihren F\u00fc\u00dfen die n\u00f6tige Freiheit um sich nat\u00fcrlich zu bewegen.<\/p>\n<p>Mit einem weichen Leder Obermaterial, dass aus frei lebenden Rindern in \u00c4thiopien hergestellt wurde bietet der Ra den perfekten Look f\u00fcr das B\u00fcro und allen Freizeit Aktivit\u00e4ten.<\/p>\n","protected":false},"featured_media":2260,"comment_status":"open","ping_status":"closed","template":"","meta":[],"product_cat":[351,337],"product_tag":[452,340],"_links":{"self":[{"href":"https:\/\/www.podologie-raeke.at\/shop\/wp-json\/wp\/v2\/product\/2295"}],"collection":[{"href":"https:\/\/www.podologie-raeke.at\/shop\/wp-json\/wp\/v2\/product"}],"about":[{"href":"https:\/\/www.podologie-raeke.at\/shop\/wp-json\/wp\/v2\/types\/product"}],"replies":[{"embeddable":true,"href":"https:\/\/www.podologie-raeke.at\/shop\/wp-json\/wp\/v2\/comments?post=2295"}],"wp:featuredmedia":[{"embeddable":true,"href":"https:\/\/www.podologie-raeke.at\/shop\/wp-json\/wp\/v2\/media\/2260"}],"wp:attachment":[{"href":"https:\/\/www.podologie-raeke.at\/shop\/wp-json\/wp\/v2\/media?parent=2295"}],"wp:term":[{"taxonomy":"product_cat","embeddable":true,"href":"https:\/\/www.podologie-raeke.at\/shop\/wp-json\/wp\/v2\/product_cat?post=2295"},{"taxonomy":"product_tag","embeddable":true,"href":"https:\/\/www.podologie-raeke.at\/shop\/wp-json\/wp\/v2\/product_tag?post=2295"}],"curies":[{"name":"wp","href":"https:\/\/api.w.org\/{rel}","templated":true}]}}