{"id":2244,"date":"2019-07-02T17:33:35","date_gmt":"2019-07-02T15:33:35","guid":{"rendered":"https:\/\/www.podologie-raeke.at\/shop\/?post_type=product&#038;p=2244"},"modified":"2023-05-15T14:31:08","modified_gmt":"2023-05-15T12:31:08","slug":"cloudflyer","status":"publish","type":"product","link":"https:\/\/www.podologie-raeke.at\/shop\/produkt\/cloudflyer\/","title":{"rendered":"On Cloudflyer &#8211; MEN"},"content":{"rendered":"<p>Der On Cloudflyer bietet h\u00f6chste D\u00e4mpfung &amp; Stabilit\u00e4t. Perfekt f\u00fcr lange L\u00e4ufe. Bietet ein leichtes und agiles Laufgef\u00fchl.<\/p>","protected":false},"excerpt":{"rendered":"<p>Der On Cloudflyer bietet h\u00f6chste D\u00e4mpfung &amp; Stabilit\u00e4t.<\/p>\n<p>Perfekt f\u00fcr lange L\u00e4ufe. Bietet ein leichtes und agiles Laufgef\u00fchl.<\/p>\n","protected":false},"featured_media":2249,"comment_status":"open","ping_status":"closed","template":"","meta":[],"product_cat":[363,252,324],"product_tag":[364,336],"_links":{"self":[{"href":"https:\/\/www.podologie-raeke.at\/shop\/wp-json\/wp\/v2\/product\/2244"}],"collection":[{"href":"https:\/\/www.podologie-raeke.at\/shop\/wp-json\/wp\/v2\/product"}],"about":[{"href":"https:\/\/www.podologie-raeke.at\/shop\/wp-json\/wp\/v2\/types\/product"}],"replies":[{"embeddable":true,"href":"https:\/\/www.podologie-raeke.at\/shop\/wp-json\/wp\/v2\/comments?post=2244"}],"wp:featuredmedia":[{"embeddable":true,"href":"https:\/\/www.podologie-raeke.at\/shop\/wp-json\/wp\/v2\/media\/2249"}],"wp:attachment":[{"href":"https:\/\/www.podologie-raeke.at\/shop\/wp-json\/wp\/v2\/media?parent=2244"}],"wp:term":[{"taxonomy":"product_cat","embeddable":true,"href":"https:\/\/www.podologie-raeke.at\/shop\/wp-json\/wp\/v2\/product_cat?post=2244"},{"taxonomy":"product_tag","embeddable":true,"href":"https:\/\/www.podologie-raeke.at\/shop\/wp-json\/wp\/v2\/product_tag?post=2244"}],"curies":[{"name":"wp","href":"https:\/\/api.w.org\/{rel}","templated":true}]}}