{"id":2202,"date":"2019-07-02T17:00:02","date_gmt":"2019-07-02T15:00:02","guid":{"rendered":"https:\/\/www.podologie-raeke.at\/shop\/?post_type=product&#038;p=2202"},"modified":"2024-06-14T09:20:32","modified_gmt":"2024-06-14T07:20:32","slug":"on-cloudflow-rust-limelight-gr-13-48-men","status":"publish","type":"product","link":"https:\/\/www.podologie-raeke.at\/shop\/produkt\/on-cloudflow-rust-limelight-gr-13-48-men\/","title":{"rendered":"On Cloudflow &#8211; Rust\/Limelight &#8211; Gr. 13 (48) &#8211; MEN"},"content":{"rendered":"<p>On Cloudflow &#8211; Der leichte und voll ged\u00e4mpfte Trainings- und Wettkampfschuh mit Helion\u2122. Superfoam die Wucht des Aufpralls in einen Tempo-Schub, der dich weiterbringt. Die gekr\u00fcmmte Fersenpartie bietet besseren Halt und ist besonders strapazierf\u00e4hig und komfortabel. Gezielt platziertes Tape und ein neuartiges Schn\u00fcrsystem sorgen f\u00fcr Support und ein sicheres Auftreten auf dem Weg zu deinem Traum-Tempo.<\/p>\n<p>Der Oberschuh aus speziell entwickeltem Mesh ist f\u00fcr den Wettkampf optimiert. Die verst\u00e4rkte, aber dennoch leichte Konstruktion bietet Support f\u00fcr m\u00fcde F\u00fc\u00dfe. Dank Bel\u00fcftungszonen kann die Luft zirkulieren. Ein elastisches Band h\u00e4lt die Schn\u00fcrb\u00e4nder sicher fest, und in dem innovativen Traktionsmuster kommt ein neues Gummi-Gemisch zum Einsatz, damit du von \u00fcberlegenem Halt auf nassen Stra\u00dfen profitieren kannst.<\/p>\n<p>&nbsp;<\/p>","protected":false},"excerpt":{"rendered":"<p>On Cloudflow &#8211; Der leichte und voll ged\u00e4mpfte Trainings- und Wettkampfschuh mit Helion\u2122. Superfoam die Wucht des Aufpralls in einen Tempo-Schub, der dich weiterbringt. Die gekr\u00fcmmte Fersenpartie bietet besseren Halt und ist besonders strapazierf\u00e4hig und komfortabel. Gezielt platziertes Tape und ein neuartiges Schn\u00fcrsystem sorgen f\u00fcr Support und ein sicheres Auftreten auf dem Weg zu deinem Traum-Tempo.<\/p>\n<p>Der Oberschuh aus speziell entwickeltem Mesh ist f\u00fcr den Wettkampf optimiert. Die verst\u00e4rkte, aber dennoch leichte Konstruktion bietet Support f\u00fcr m\u00fcde F\u00fc\u00dfe. Dank Bel\u00fcftungszonen kann die Luft zirkulieren. Ein elastisches Band h\u00e4lt die Schn\u00fcrb\u00e4nder sicher fest, und in dem innovativen Traktionsmuster kommt ein neues Gummi-Gemisch zum Einsatz, damit du von \u00fcberlegenem Halt auf nassen Stra\u00dfen profitieren kannst.<\/p>\n","protected":false},"featured_media":4090,"comment_status":"open","ping_status":"closed","template":"","meta":[],"product_cat":[363,252],"product_tag":[333,336,386,332],"_links":{"self":[{"href":"https:\/\/www.podologie-raeke.at\/shop\/wp-json\/wp\/v2\/product\/2202"}],"collection":[{"href":"https:\/\/www.podologie-raeke.at\/shop\/wp-json\/wp\/v2\/product"}],"about":[{"href":"https:\/\/www.podologie-raeke.at\/shop\/wp-json\/wp\/v2\/types\/product"}],"replies":[{"embeddable":true,"href":"https:\/\/www.podologie-raeke.at\/shop\/wp-json\/wp\/v2\/comments?post=2202"}],"wp:featuredmedia":[{"embeddable":true,"href":"https:\/\/www.podologie-raeke.at\/shop\/wp-json\/wp\/v2\/media\/4090"}],"wp:attachment":[{"href":"https:\/\/www.podologie-raeke.at\/shop\/wp-json\/wp\/v2\/media?parent=2202"}],"wp:term":[{"taxonomy":"product_cat","embeddable":true,"href":"https:\/\/www.podologie-raeke.at\/shop\/wp-json\/wp\/v2\/product_cat?post=2202"},{"taxonomy":"product_tag","embeddable":true,"href":"https:\/\/www.podologie-raeke.at\/shop\/wp-json\/wp\/v2\/product_tag?post=2202"}],"curies":[{"name":"wp","href":"https:\/\/api.w.org\/{rel}","templated":true}]}}