{"id":2187,"date":"2019-07-01T14:51:06","date_gmt":"2019-07-01T12:51:06","guid":{"rendered":"https:\/\/www.podologie-raeke.at\/shop\/?post_type=product&#038;p=2187"},"modified":"2022-08-09T17:57:52","modified_gmt":"2022-08-09T15:57:52","slug":"whanzsm1","status":"publish","type":"product","link":"https:\/\/www.podologie-raeke.at\/shop\/produkt\/whanzsm1\/","title":{"rendered":"New Balance WHANZSM1 &#8211; wei\u00df\/schwarz &#8211; LADIES"},"content":{"rendered":"<p>New Balance WHANZSM1 Performance Laufschuh \/ Triathlonschuh \/ Wettkampfschuh<\/p>\n<p>List trifft auf N\u00fctzlichkeit und Style mit dem Hanzo S. Dieser Schuh, der f\u00fcr die anspruchsvollsten L\u00e4ufer entworfen wurde, ehrt Japans reiche Laufgeschichte mit einer einzigartigen Kombination aus der FantomFit Technologie, REVlite Zwischensohlen aus Schaumstoff f\u00fcr einen au\u00dfergew\u00f6hnlich schnellen und reaktiven Lauf und Rapid Rebound, um erstklassige D\u00e4mpfung f\u00fcr unschlagbaren Komfort zu liefern.<\/p>","protected":false},"excerpt":{"rendered":"<p>Dieser Schuh, der f\u00fcr die anspruchsvollsten L\u00e4ufer entworfen wurde, besteht aus einer einzigartigen Kombination aus der FantomFit Technologie, REVlite Zwischensohlen aus Schaumstoff f\u00fcr einen au\u00dfergew\u00f6hnlich schnellen und reaktiven Lauf und Rapid Rebound, um erstklassige D\u00e4mpfung f\u00fcr unschlagbaren Komfort zu liefern.<\/p>\n","protected":false},"featured_media":2192,"comment_status":"open","ping_status":"closed","template":"","meta":[],"product_cat":[354,325,324],"product_tag":[327,330,331,332],"_links":{"self":[{"href":"https:\/\/www.podologie-raeke.at\/shop\/wp-json\/wp\/v2\/product\/2187"}],"collection":[{"href":"https:\/\/www.podologie-raeke.at\/shop\/wp-json\/wp\/v2\/product"}],"about":[{"href":"https:\/\/www.podologie-raeke.at\/shop\/wp-json\/wp\/v2\/types\/product"}],"replies":[{"embeddable":true,"href":"https:\/\/www.podologie-raeke.at\/shop\/wp-json\/wp\/v2\/comments?post=2187"}],"wp:featuredmedia":[{"embeddable":true,"href":"https:\/\/www.podologie-raeke.at\/shop\/wp-json\/wp\/v2\/media\/2192"}],"wp:attachment":[{"href":"https:\/\/www.podologie-raeke.at\/shop\/wp-json\/wp\/v2\/media?parent=2187"}],"wp:term":[{"taxonomy":"product_cat","embeddable":true,"href":"https:\/\/www.podologie-raeke.at\/shop\/wp-json\/wp\/v2\/product_cat?post=2187"},{"taxonomy":"product_tag","embeddable":true,"href":"https:\/\/www.podologie-raeke.at\/shop\/wp-json\/wp\/v2\/product_tag?post=2187"}],"curies":[{"name":"wp","href":"https:\/\/api.w.org\/{rel}","templated":true}]}}