{"id":2118,"date":"2019-06-27T23:42:36","date_gmt":"2019-06-27T21:42:36","guid":{"rendered":"https:\/\/www.podologie-raeke.at\/shop\/?post_type=product&#038;p=2118"},"modified":"2025-01-09T18:25:58","modified_gmt":"2025-01-09T17:25:58","slug":"cloudsurfer-m-sale","status":"publish","type":"product","link":"https:\/\/www.podologie-raeke.at\/shop\/produkt\/cloudsurfer-m-sale\/","title":{"rendered":"SALE &#8211; On Cloudsurfer &#8211; MEN"},"content":{"rendered":"<p>Hoher Komfort bei hohem Tempo!<\/p>\n<p>Der Cloudsurfer steht f\u00fcr Komfort. Speziell entwickeltes Mesh sorgt f\u00fcr die perfekte Balance aus Atmungsaktivit\u00e4t und Halt. Der Oberschuh st\u00fctzt den Vorderfuss beim \u00dcbergang von der weichen Landung zum explosiven Abstoss.<\/p>","protected":false},"excerpt":{"rendered":"<p>Hoher Komfort bei hohem Tempo!<\/p>\n<p>Der Cloudsurfer steht f\u00fcr Komfort. Speziell entwickeltes Mesh sorgt f\u00fcr die perfekte Balance aus Atmungsaktivit\u00e4t und Halt. Der Oberschuh st\u00fctzt den Vorderfuss beim \u00dcbergang von der weichen Landung zum explosiven Abstoss.<\/p>\n","protected":false},"featured_media":2128,"comment_status":"open","ping_status":"closed","template":"","meta":[],"product_cat":[363,252,324],"product_tag":[],"_links":{"self":[{"href":"https:\/\/www.podologie-raeke.at\/shop\/wp-json\/wp\/v2\/product\/2118"}],"collection":[{"href":"https:\/\/www.podologie-raeke.at\/shop\/wp-json\/wp\/v2\/product"}],"about":[{"href":"https:\/\/www.podologie-raeke.at\/shop\/wp-json\/wp\/v2\/types\/product"}],"replies":[{"embeddable":true,"href":"https:\/\/www.podologie-raeke.at\/shop\/wp-json\/wp\/v2\/comments?post=2118"}],"wp:featuredmedia":[{"embeddable":true,"href":"https:\/\/www.podologie-raeke.at\/shop\/wp-json\/wp\/v2\/media\/2128"}],"wp:attachment":[{"href":"https:\/\/www.podologie-raeke.at\/shop\/wp-json\/wp\/v2\/media?parent=2118"}],"wp:term":[{"taxonomy":"product_cat","embeddable":true,"href":"https:\/\/www.podologie-raeke.at\/shop\/wp-json\/wp\/v2\/product_cat?post=2118"},{"taxonomy":"product_tag","embeddable":true,"href":"https:\/\/www.podologie-raeke.at\/shop\/wp-json\/wp\/v2\/product_tag?post=2118"}],"curies":[{"name":"wp","href":"https:\/\/api.w.org\/{rel}","templated":true}]}}